{"id":209,"date":"2025-10-11T15:12:22","date_gmt":"2025-10-11T15:12:22","guid":{"rendered":"https:\/\/malessp.cluster100.hosting.ovh.net\/?page_id=209"},"modified":"2026-04-07T11:32:46","modified_gmt":"2026-04-07T11:32:46","slug":"209-2","status":"publish","type":"page","link":"https:\/\/www.males-saints.band\/index.php\/209-2\/","title":{"rendered":"Anti-pr\u00e9sentation"},"content":{"rendered":"\n<figure class=\"wp-block-image size-full\"><img loading=\"lazy\" decoding=\"async\" width=\"996\" height=\"336\" src=\"https:\/\/www.males-saints.band\/wp-content\/uploads\/2025\/10\/logo2.png\" alt=\"\" class=\"wp-image-252\" srcset=\"https:\/\/www.males-saints.band\/wp-content\/uploads\/2025\/10\/logo2.png 996w, https:\/\/www.males-saints.band\/wp-content\/uploads\/2025\/10\/logo2-300x101.png 300w, https:\/\/www.males-saints.band\/wp-content\/uploads\/2025\/10\/logo2-768x259.png 768w, https:\/\/www.males-saints.band\/wp-content\/uploads\/2025\/10\/logo2-980x331.png 980w, https:\/\/www.males-saints.band\/wp-content\/uploads\/2025\/10\/logo2-480x162.png 480w\" sizes=\"auto, (max-width: 709px) 85vw, (max-width: 909px) 67vw, (max-width: 1362px) 62vw, 840px\" \/><\/figure>\n\n\n\n<p>M\u00e2les Saints c\u2019est l\u2019histoire d\u2019un d\u00e9traqu\u00e9 skyzopathe vir\u00e9 de l\u2019asile pour tapage nocturne. Le bougre tape sans cesse sur ces gamelles.<br>Benjo Ker dans sa grande solitude d\u00e9cide d\u2019adopter P\u00e9p\u00e9, le v\u00e9t\u00e9ran, sur Adopteunvieux.com<br>La destin\u00e9e \u00e9tait en route quand le duo basse\/bat croisa la b\u00eatise de Cochonou 1er, roi des cons, qui r\u00e9gnait en ma\u00eetre sur sa d\u00e9charge publique.<br>Apr\u00e8s quelques touch\u00e9s rectaux, les trois comp\u00e8res en conclurent que ce n\u2019\u00e9tait pas agr\u00e9able, mais la note \u00e9tait juste ! Ils d\u00e9cid\u00e8rent de partir en croisade pr\u00eacher l\u2019insouciance au travers d\u2019une musique aux sons d\u00e9gueulasses et aux rythmiques bancales.<\/p>\n\n\n\n<div class=\"wp-block-columns is-layout-flex wp-container-core-columns-is-layout-9d6595d7 wp-block-columns-is-layout-flex\">\n<div class=\"wp-block-column is-layout-flow wp-block-column-is-layout-flow\">\n<figure class=\"wp-block-image size-full\"><img loading=\"lazy\" decoding=\"async\" width=\"1024\" height=\"1024\" src=\"https:\/\/www.males-saints.band\/wp-content\/uploads\/2025\/10\/1-Wanted-Benjo.png\" alt=\"\" class=\"wp-image-290\" srcset=\"https:\/\/www.males-saints.band\/wp-content\/uploads\/2025\/10\/1-Wanted-Benjo.png 1024w, https:\/\/www.males-saints.band\/wp-content\/uploads\/2025\/10\/1-Wanted-Benjo-300x300.png 300w, https:\/\/www.males-saints.band\/wp-content\/uploads\/2025\/10\/1-Wanted-Benjo-150x150.png 150w, https:\/\/www.males-saints.band\/wp-content\/uploads\/2025\/10\/1-Wanted-Benjo-768x768.png 768w, https:\/\/www.males-saints.band\/wp-content\/uploads\/2025\/10\/1-Wanted-Benjo-980x980.png 980w, https:\/\/www.males-saints.band\/wp-content\/uploads\/2025\/10\/1-Wanted-Benjo-480x480.png 480w\" sizes=\"auto, (max-width: 709px) 85vw, (max-width: 909px) 67vw, (max-width: 1362px) 62vw, 840px\" \/><\/figure>\n<\/div>\n\n\n\n<div class=\"wp-block-column is-layout-flow wp-block-column-is-layout-flow\">\n<figure class=\"wp-block-image size-full\"><img loading=\"lazy\" decoding=\"async\" width=\"1024\" height=\"1024\" src=\"https:\/\/www.males-saints.band\/wp-content\/uploads\/2025\/10\/2-Wanted-Pp.png\" alt=\"\" class=\"wp-image-291\" srcset=\"https:\/\/www.males-saints.band\/wp-content\/uploads\/2025\/10\/2-Wanted-Pp.png 1024w, https:\/\/www.males-saints.band\/wp-content\/uploads\/2025\/10\/2-Wanted-Pp-300x300.png 300w, https:\/\/www.males-saints.band\/wp-content\/uploads\/2025\/10\/2-Wanted-Pp-150x150.png 150w, https:\/\/www.males-saints.band\/wp-content\/uploads\/2025\/10\/2-Wanted-Pp-768x768.png 768w, https:\/\/www.males-saints.band\/wp-content\/uploads\/2025\/10\/2-Wanted-Pp-980x980.png 980w, https:\/\/www.males-saints.band\/wp-content\/uploads\/2025\/10\/2-Wanted-Pp-480x480.png 480w\" sizes=\"auto, (max-width: 709px) 85vw, (max-width: 909px) 67vw, (max-width: 1362px) 62vw, 840px\" \/><\/figure>\n<\/div>\n\n\n\n<div class=\"wp-block-column is-layout-flow wp-block-column-is-layout-flow\">\n<figure class=\"wp-block-image size-full\"><img loading=\"lazy\" decoding=\"async\" width=\"1024\" height=\"1024\" src=\"https:\/\/www.males-saints.band\/wp-content\/uploads\/2025\/10\/3-Wanted-Chewby.png\" alt=\"\" class=\"wp-image-292\" srcset=\"https:\/\/www.males-saints.band\/wp-content\/uploads\/2025\/10\/3-Wanted-Chewby.png 1024w, https:\/\/www.males-saints.band\/wp-content\/uploads\/2025\/10\/3-Wanted-Chewby-300x300.png 300w, https:\/\/www.males-saints.band\/wp-content\/uploads\/2025\/10\/3-Wanted-Chewby-150x150.png 150w, https:\/\/www.males-saints.band\/wp-content\/uploads\/2025\/10\/3-Wanted-Chewby-768x768.png 768w, https:\/\/www.males-saints.band\/wp-content\/uploads\/2025\/10\/3-Wanted-Chewby-980x980.png 980w, https:\/\/www.males-saints.band\/wp-content\/uploads\/2025\/10\/3-Wanted-Chewby-480x480.png 480w\" sizes=\"auto, (max-width: 709px) 85vw, (max-width: 909px) 67vw, (max-width: 1362px) 62vw, 840px\" \/><\/figure>\n<\/div>\n<\/div>\n\n\n\n<figure class=\"wp-block-image size-large\"><img loading=\"lazy\" decoding=\"async\" width=\"1024\" height=\"796\" src=\"https:\/\/www.males-saints.band\/wp-content\/uploads\/2025\/10\/image-presentation-1024x796.png\" alt=\"\" class=\"wp-image-245\" srcset=\"https:\/\/www.males-saints.band\/wp-content\/uploads\/2025\/10\/image-presentation-1024x796.png 1024w, https:\/\/www.males-saints.band\/wp-content\/uploads\/2025\/10\/image-presentation-300x233.png 300w, https:\/\/www.males-saints.band\/wp-content\/uploads\/2025\/10\/image-presentation-768x597.png 768w, https:\/\/www.males-saints.band\/wp-content\/uploads\/2025\/10\/image-presentation-1080x840.png 1080w, https:\/\/www.males-saints.band\/wp-content\/uploads\/2025\/10\/image-presentation-980x762.png 980w, https:\/\/www.males-saints.band\/wp-content\/uploads\/2025\/10\/image-presentation-480x373.png 480w, https:\/\/www.males-saints.band\/wp-content\/uploads\/2025\/10\/image-presentation.png 1152w\" sizes=\"auto, (max-width: 709px) 85vw, (max-width: 909px) 67vw, (max-width: 1362px) 62vw, 840px\" \/><\/figure>\n","protected":false},"excerpt":{"rendered":"<p>M\u00e2les Saints c\u2019est l\u2019histoire d\u2019un d\u00e9traqu\u00e9 skyzopathe vir\u00e9 de l\u2019asile pour tapage nocturne. Le bougre tape sans cesse sur ces gamelles.Benjo Ker dans sa grande solitude d\u00e9cide d\u2019adopter P\u00e9p\u00e9, le v\u00e9t\u00e9ran, sur Adopteunvieux.comLa destin\u00e9e \u00e9tait en route quand le duo basse\/bat croisa la b\u00eatise de Cochonou 1er, roi des cons, qui r\u00e9gnait en ma\u00eetre sur &hellip; <a href=\"https:\/\/www.males-saints.band\/index.php\/209-2\/\" class=\"more-link\">Continuer la lecture<span class=\"screen-reader-text\"> de &laquo;&nbsp;Anti-pr\u00e9sentation&nbsp;&raquo;<\/span><\/a><\/p>\n","protected":false},"author":1,"featured_media":0,"parent":0,"menu_order":0,"comment_status":"closed","ping_status":"closed","template":"","meta":{"footnotes":""},"class_list":["post-209","page","type-page","status-publish","hentry"],"_links":{"self":[{"href":"https:\/\/www.males-saints.band\/index.php\/wp-json\/wp\/v2\/pages\/209","targetHints":{"allow":["GET"]}}],"collection":[{"href":"https:\/\/www.males-saints.band\/index.php\/wp-json\/wp\/v2\/pages"}],"about":[{"href":"https:\/\/www.males-saints.band\/index.php\/wp-json\/wp\/v2\/types\/page"}],"author":[{"embeddable":true,"href":"https:\/\/www.males-saints.band\/index.php\/wp-json\/wp\/v2\/users\/1"}],"replies":[{"embeddable":true,"href":"https:\/\/www.males-saints.band\/index.php\/wp-json\/wp\/v2\/comments?post=209"}],"version-history":[{"count":25,"href":"https:\/\/www.males-saints.band\/index.php\/wp-json\/wp\/v2\/pages\/209\/revisions"}],"predecessor-version":[{"id":492,"href":"https:\/\/www.males-saints.band\/index.php\/wp-json\/wp\/v2\/pages\/209\/revisions\/492"}],"wp:attachment":[{"href":"https:\/\/www.males-saints.band\/index.php\/wp-json\/wp\/v2\/media?parent=209"}],"curies":[{"name":"wp","href":"https:\/\/api.w.org\/{rel}","templated":true}]}}